{"id":3128,"date":"2025-04-23T12:28:28","date_gmt":"2025-04-23T15:28:28","guid":{"rendered":"https:\/\/reservacultural.com.br\/niteroi\/?page_id=3128"},"modified":"2025-12-23T17:21:36","modified_gmt":"2025-12-23T20:21:36","slug":"trabalhe-conosco","status":"publish","type":"page","link":"https:\/\/reservacultural.com.br\/niteroi\/trabalhe-conosco\/","title":{"rendered":"Trabalhe Conosco"},"content":{"rendered":"\t\t<div data-elementor-type=\"wp-page\" data-elementor-id=\"3128\" class=\"elementor elementor-3128\" data-elementor-post-type=\"page\">\n\t\t\t\t<div class=\"elementor-element elementor-element-4007b25 e-con-full e-flex e-con e-parent\" data-id=\"4007b25\" data-element_type=\"container\" data-e-type=\"container\">\n\t\t\t\t<\/div>\n\t\t<div class=\"elementor-element elementor-element-8f11e78 e-flex e-con-boxed e-con e-parent\" data-id=\"8f11e78\" data-element_type=\"container\" data-e-type=\"container\" data-settings=\"{&quot;background_background&quot;:&quot;classic&quot;}\">\n\t\t\t\t\t<div class=\"e-con-inner\">\n\t\t<div class=\"elementor-element elementor-element-5046b7d e-con-full e-flex e-con e-child\" data-id=\"5046b7d\" data-element_type=\"container\" data-e-type=\"container\">\n\t\t<div class=\"elementor-element elementor-element-046abf3 e-con-full e-flex e-con e-child\" data-id=\"046abf3\" data-element_type=\"container\" data-e-type=\"container\" data-settings=\"{&quot;background_background&quot;:&quot;classic&quot;}\">\n\t\t<div class=\"elementor-element elementor-element-977d916 e-con-full e-flex e-con e-child\" data-id=\"977d916\" data-element_type=\"container\" data-e-type=\"container\">\n\t\t\t\t<div class=\"elementor-element elementor-element-1748c91d elementor-widget elementor-widget-heading\" data-id=\"1748c91d\" data-element_type=\"widget\" data-e-type=\"widget\" data-widget_type=\"heading.default\">\n\t\t\t\t<div class=\"elementor-widget-container\">\n\t\t\t\t\t<h2 class=\"elementor-heading-title elementor-size-default\">Trabalhe Conosco.<\/h2>\t\t\t\t<\/div>\n\t\t\t\t<\/div>\n\t\t\t\t<div class=\"elementor-element elementor-element-77707050 elementor-widget elementor-widget-text-editor\" data-id=\"77707050\" data-element_type=\"widget\" data-e-type=\"widget\" data-widget_type=\"text-editor.default\">\n\t\t\t\t<div class=\"elementor-widget-container\">\n\t\t\t\t\t\t\t\t\t<p class=\"\" data-start=\"207\" data-end=\"270\">Tem interesse em fazer parte da equipe da\u00a0<strong data-start=\"249\" data-end=\"269\">Reserva Cultural<\/strong>?<\/p><p class=\"\" data-start=\"272\" data-end=\"496\">Somos apaixonados por cinema, arte e cultura \u2014 e valorizamos pessoas com o mesmo entusiasmo. Se voc\u00ea deseja contribuir com nosso time e atuar em um ambiente criativo, acolhedor e cheio de hist\u00f3rias, envie seu curr\u00edculo para:\u00a0<strong>recursoshumanos@<wbr \/>reservacultural.com.br<\/strong><span style=\"color: #222222;font-family: Calibri, sans-serif;font-size: 14.6667px\">\u00a0<\/span><\/p><p class=\"\" data-start=\"537\" data-end=\"653\">Conte um pouco sobre voc\u00ea e, se poss\u00edvel, indique a \u00e1rea de interesse. Quem sabe o pr\u00f3ximo grande papel n\u00e3o \u00e9 o seu?<\/p>\t\t\t\t\t\t\t\t<\/div>\n\t\t\t\t<\/div>\n\t\t\t\t<div class=\"elementor-element elementor-element-76d5633 elementor-widget elementor-widget-heading\" data-id=\"76d5633\" data-element_type=\"widget\" data-e-type=\"widget\" data-widget_type=\"heading.default\">\n\t\t\t\t<div class=\"elementor-widget-container\">\n\t\t\t\t\t<h3 class=\"elementor-heading-title elementor-size-default\">E-mail<\/h3>\t\t\t\t<\/div>\n\t\t\t\t<\/div>\n\t\t\t\t<div class=\"elementor-element elementor-element-4425a60 elementor-widget elementor-widget-text-editor\" data-id=\"4425a60\" data-element_type=\"widget\" data-e-type=\"widget\" data-widget_type=\"text-editor.default\">\n\t\t\t\t<div class=\"elementor-widget-container\">\n\t\t\t\t\t\t\t\t\t<ul><li><span style=\"color: #030000\"><a href=\"mailto:recursoshumanos@reservacultural.com.br\" target=\"_blank\" rel=\"noopener\">recursoshumanos@<wbr \/>reservacultural.com.br<\/a><a style=\"color: #030000\" href=\"mailto:contato@reservacultural.com.br\" target=\"_blank\" rel=\"noopener\">\u00a0<\/a><\/span><\/li><\/ul>\t\t\t\t\t\t\t\t<\/div>\n\t\t\t\t<\/div>\n\t\t\t\t<\/div>\n\t\t\t\t<\/div>\n\t\t\t\t<\/div>\n\t\t\t\t\t<\/div>\n\t\t\t\t<\/div>\n\t\t<div class=\"elementor-element elementor-element-26046ef e-flex e-con-boxed e-con e-parent\" data-id=\"26046ef\" data-element_type=\"container\" data-e-type=\"container\" data-settings=\"{&quot;background_background&quot;:&quot;classic&quot;}\">\n\t\t\t\t\t<div class=\"e-con-inner\">\n\t\t<div class=\"elementor-element elementor-element-9ca5d48 e-con-full e-flex e-con e-child\" data-id=\"9ca5d48\" data-element_type=\"container\" data-e-type=\"container\" data-settings=\"{&quot;background_background&quot;:&quot;classic&quot;}\">\n\t\t\t\t<\/div>\n\t\t\t\t\t<\/div>\n\t\t\t\t<\/div>\n\t\t\t\t<\/div>\n\t\t","protected":false},"excerpt":{"rendered":"<p>Trabalhe Conosco. Tem interesse em fazer parte da equipe da\u00a0Reserva Cultural? Somos apaixonados por cinema, arte e cultura \u2014 e valorizamos pessoas com o mesmo entusiasmo. Se voc\u00ea deseja contribuir com nosso time e atuar em um ambiente criativo, acolhedor e cheio de hist\u00f3rias, envie seu curr\u00edculo para:\u00a0recursoshumanos@reservacultural.com.br\u00a0 Conte um pouco sobre voc\u00ea e, se [&hellip;]<\/p>\n","protected":false},"author":1,"featured_media":0,"parent":0,"menu_order":0,"comment_status":"closed","ping_status":"closed","template":"","meta":{"_acf_changed":false,"footnotes":""},"class_list":["post-3128","page","type-page","status-publish","hentry"],"acf":[],"yoast_head":"<!-- This site is optimized with the Yoast SEO plugin v27.4 - https:\/\/yoast.com\/product\/yoast-seo-wordpress\/ -->\n<title>Trabalhe Conosco - Cinema Reserva Cultural<\/title>\n<meta name=\"robots\" content=\"index, follow, max-snippet:-1, max-image-preview:large, max-video-preview:-1\" \/>\n<link rel=\"canonical\" href=\"https:\/\/reservacultural.com.br\/niteroi\/trabalhe-conosco\/\" \/>\n<meta property=\"og:locale\" content=\"pt_BR\" \/>\n<meta property=\"og:type\" content=\"article\" \/>\n<meta property=\"og:title\" content=\"Trabalhe Conosco - Cinema Reserva Cultural\" \/>\n<meta property=\"og:description\" content=\"Trabalhe Conosco. Tem interesse em fazer parte da equipe da\u00a0Reserva Cultural? Somos apaixonados por cinema, arte e cultura \u2014 e valorizamos pessoas com o mesmo entusiasmo. Se voc\u00ea deseja contribuir com nosso time e atuar em um ambiente criativo, acolhedor e cheio de hist\u00f3rias, envie seu curr\u00edculo para:\u00a0recursoshumanos@reservacultural.com.br\u00a0 Conte um pouco sobre voc\u00ea e, se [&hellip;]\" \/>\n<meta property=\"og:url\" content=\"https:\/\/reservacultural.com.br\/niteroi\/trabalhe-conosco\/\" \/>\n<meta property=\"og:site_name\" content=\"Cinema Reserva Cultural\" \/>\n<meta property=\"article:modified_time\" content=\"2025-12-23T20:21:36+00:00\" \/>\n<meta name=\"twitter:card\" content=\"summary_large_image\" \/>\n<meta name=\"twitter:label1\" content=\"Est. tempo de leitura\" \/>\n\t<meta name=\"twitter:data1\" content=\"1 minuto\" \/>\n<script type=\"application\/ld+json\" class=\"yoast-schema-graph\">{\"@context\":\"https:\\\/\\\/schema.org\",\"@graph\":[{\"@type\":\"WebPage\",\"@id\":\"https:\\\/\\\/reservacultural.com.br\\\/niteroi\\\/trabalhe-conosco\\\/\",\"url\":\"https:\\\/\\\/reservacultural.com.br\\\/niteroi\\\/trabalhe-conosco\\\/\",\"name\":\"Trabalhe Conosco - Cinema Reserva Cultural\",\"isPartOf\":{\"@id\":\"https:\\\/\\\/reservacultural.com.br\\\/niteroi\\\/#website\"},\"datePublished\":\"2025-04-23T15:28:28+00:00\",\"dateModified\":\"2025-12-23T20:21:36+00:00\",\"breadcrumb\":{\"@id\":\"https:\\\/\\\/reservacultural.com.br\\\/niteroi\\\/trabalhe-conosco\\\/#breadcrumb\"},\"inLanguage\":\"pt-BR\",\"potentialAction\":[{\"@type\":\"ReadAction\",\"target\":[\"https:\\\/\\\/reservacultural.com.br\\\/niteroi\\\/trabalhe-conosco\\\/\"]}]},{\"@type\":\"BreadcrumbList\",\"@id\":\"https:\\\/\\\/reservacultural.com.br\\\/niteroi\\\/trabalhe-conosco\\\/#breadcrumb\",\"itemListElement\":[{\"@type\":\"ListItem\",\"position\":1,\"name\":\"In\u00edcio\",\"item\":\"https:\\\/\\\/reservacultural.com.br\\\/niteroi\\\/\"},{\"@type\":\"ListItem\",\"position\":2,\"name\":\"Trabalhe Conosco\"}]},{\"@type\":\"WebSite\",\"@id\":\"https:\\\/\\\/reservacultural.com.br\\\/niteroi\\\/#website\",\"url\":\"https:\\\/\\\/reservacultural.com.br\\\/niteroi\\\/\",\"name\":\"Cinema Reserva Cultural\",\"description\":\"Filmes, gastronomia e Eventos\",\"publisher\":{\"@id\":\"https:\\\/\\\/reservacultural.com.br\\\/niteroi\\\/#organization\"},\"potentialAction\":[{\"@type\":\"SearchAction\",\"target\":{\"@type\":\"EntryPoint\",\"urlTemplate\":\"https:\\\/\\\/reservacultural.com.br\\\/niteroi\\\/?s={search_term_string}\"},\"query-input\":{\"@type\":\"PropertyValueSpecification\",\"valueRequired\":true,\"valueName\":\"search_term_string\"}}],\"inLanguage\":\"pt-BR\"},{\"@type\":\"Organization\",\"@id\":\"https:\\\/\\\/reservacultural.com.br\\\/niteroi\\\/#organization\",\"name\":\"Cinema Reserva Cultural\",\"url\":\"https:\\\/\\\/reservacultural.com.br\\\/niteroi\\\/\",\"logo\":{\"@type\":\"ImageObject\",\"inLanguage\":\"pt-BR\",\"@id\":\"https:\\\/\\\/reservacultural.com.br\\\/niteroi\\\/#\\\/schema\\\/logo\\\/image\\\/\",\"url\":\"https:\\\/\\\/reservacultural.com.br\\\/niteroi_\\\/wp-content\\\/uploads\\\/2024\\\/07\\\/Captura-de-Tela-2024-04-18-as-14.07-1.jpg\",\"contentUrl\":\"https:\\\/\\\/reservacultural.com.br\\\/niteroi_\\\/wp-content\\\/uploads\\\/2024\\\/07\\\/Captura-de-Tela-2024-04-18-as-14.07-1.jpg\",\"width\":274,\"height\":96,\"caption\":\"Cinema Reserva Cultural\"},\"image\":{\"@id\":\"https:\\\/\\\/reservacultural.com.br\\\/niteroi\\\/#\\\/schema\\\/logo\\\/image\\\/\"}}]}<\/script>\n<!-- \/ Yoast SEO plugin. -->","yoast_head_json":{"title":"Trabalhe Conosco - Cinema Reserva Cultural","robots":{"index":"index","follow":"follow","max-snippet":"max-snippet:-1","max-image-preview":"max-image-preview:large","max-video-preview":"max-video-preview:-1"},"canonical":"https:\/\/reservacultural.com.br\/niteroi\/trabalhe-conosco\/","og_locale":"pt_BR","og_type":"article","og_title":"Trabalhe Conosco - Cinema Reserva Cultural","og_description":"Trabalhe Conosco. Tem interesse em fazer parte da equipe da\u00a0Reserva Cultural? Somos apaixonados por cinema, arte e cultura \u2014 e valorizamos pessoas com o mesmo entusiasmo. Se voc\u00ea deseja contribuir com nosso time e atuar em um ambiente criativo, acolhedor e cheio de hist\u00f3rias, envie seu curr\u00edculo para:\u00a0recursoshumanos@reservacultural.com.br\u00a0 Conte um pouco sobre voc\u00ea e, se [&hellip;]","og_url":"https:\/\/reservacultural.com.br\/niteroi\/trabalhe-conosco\/","og_site_name":"Cinema Reserva Cultural","article_modified_time":"2025-12-23T20:21:36+00:00","twitter_card":"summary_large_image","twitter_misc":{"Est. tempo de leitura":"1 minuto"},"schema":{"@context":"https:\/\/schema.org","@graph":[{"@type":"WebPage","@id":"https:\/\/reservacultural.com.br\/niteroi\/trabalhe-conosco\/","url":"https:\/\/reservacultural.com.br\/niteroi\/trabalhe-conosco\/","name":"Trabalhe Conosco - Cinema Reserva Cultural","isPartOf":{"@id":"https:\/\/reservacultural.com.br\/niteroi\/#website"},"datePublished":"2025-04-23T15:28:28+00:00","dateModified":"2025-12-23T20:21:36+00:00","breadcrumb":{"@id":"https:\/\/reservacultural.com.br\/niteroi\/trabalhe-conosco\/#breadcrumb"},"inLanguage":"pt-BR","potentialAction":[{"@type":"ReadAction","target":["https:\/\/reservacultural.com.br\/niteroi\/trabalhe-conosco\/"]}]},{"@type":"BreadcrumbList","@id":"https:\/\/reservacultural.com.br\/niteroi\/trabalhe-conosco\/#breadcrumb","itemListElement":[{"@type":"ListItem","position":1,"name":"In\u00edcio","item":"https:\/\/reservacultural.com.br\/niteroi\/"},{"@type":"ListItem","position":2,"name":"Trabalhe Conosco"}]},{"@type":"WebSite","@id":"https:\/\/reservacultural.com.br\/niteroi\/#website","url":"https:\/\/reservacultural.com.br\/niteroi\/","name":"Cinema Reserva Cultural","description":"Filmes, gastronomia e Eventos","publisher":{"@id":"https:\/\/reservacultural.com.br\/niteroi\/#organization"},"potentialAction":[{"@type":"SearchAction","target":{"@type":"EntryPoint","urlTemplate":"https:\/\/reservacultural.com.br\/niteroi\/?s={search_term_string}"},"query-input":{"@type":"PropertyValueSpecification","valueRequired":true,"valueName":"search_term_string"}}],"inLanguage":"pt-BR"},{"@type":"Organization","@id":"https:\/\/reservacultural.com.br\/niteroi\/#organization","name":"Cinema Reserva Cultural","url":"https:\/\/reservacultural.com.br\/niteroi\/","logo":{"@type":"ImageObject","inLanguage":"pt-BR","@id":"https:\/\/reservacultural.com.br\/niteroi\/#\/schema\/logo\/image\/","url":"https:\/\/reservacultural.com.br\/niteroi_\/wp-content\/uploads\/2024\/07\/Captura-de-Tela-2024-04-18-as-14.07-1.jpg","contentUrl":"https:\/\/reservacultural.com.br\/niteroi_\/wp-content\/uploads\/2024\/07\/Captura-de-Tela-2024-04-18-as-14.07-1.jpg","width":274,"height":96,"caption":"Cinema Reserva Cultural"},"image":{"@id":"https:\/\/reservacultural.com.br\/niteroi\/#\/schema\/logo\/image\/"}}]}},"_links":{"self":[{"href":"https:\/\/reservacultural.com.br\/niteroi\/wp-json\/wp\/v2\/pages\/3128","targetHints":{"allow":["GET"]}}],"collection":[{"href":"https:\/\/reservacultural.com.br\/niteroi\/wp-json\/wp\/v2\/pages"}],"about":[{"href":"https:\/\/reservacultural.com.br\/niteroi\/wp-json\/wp\/v2\/types\/page"}],"author":[{"embeddable":true,"href":"https:\/\/reservacultural.com.br\/niteroi\/wp-json\/wp\/v2\/users\/1"}],"replies":[{"embeddable":true,"href":"https:\/\/reservacultural.com.br\/niteroi\/wp-json\/wp\/v2\/comments?post=3128"}],"version-history":[{"count":3,"href":"https:\/\/reservacultural.com.br\/niteroi\/wp-json\/wp\/v2\/pages\/3128\/revisions"}],"predecessor-version":[{"id":3312,"href":"https:\/\/reservacultural.com.br\/niteroi\/wp-json\/wp\/v2\/pages\/3128\/revisions\/3312"}],"wp:attachment":[{"href":"https:\/\/reservacultural.com.br\/niteroi\/wp-json\/wp\/v2\/media?parent=3128"}],"curies":[{"name":"wp","href":"https:\/\/api.w.org\/{rel}","templated":true}]}}