{"id":2632,"date":"2025-02-13T16:39:17","date_gmt":"2025-02-13T19:39:17","guid":{"rendered":"https:\/\/reservacultural.com.br\/niteroi_\/?page_id=2632"},"modified":"2025-04-17T14:26:44","modified_gmt":"2025-04-17T17:26:44","slug":"drop-burger","status":"publish","type":"page","link":"https:\/\/reservacultural.com.br\/niteroi\/gastronomia\/drop-burger\/","title":{"rendered":"Drop Burger"},"content":{"rendered":"\t\t<div data-elementor-type=\"wp-page\" data-elementor-id=\"2632\" class=\"elementor elementor-2632\" data-elementor-post-type=\"page\">\n\t\t\t\t<div class=\"elementor-element elementor-element-c6193f8 e-flex e-con-boxed e-con e-parent\" data-id=\"c6193f8\" data-element_type=\"container\" data-e-type=\"container\" data-settings=\"{&quot;background_background&quot;:&quot;classic&quot;}\">\n\t\t\t\t\t<div class=\"e-con-inner\">\n\t\t\t\t<div class=\"elementor-element elementor-element-93541c7 elementor-absolute elementor-hidden-mobile aria-hidden-image elementor-widget elementor-widget-image\" data-id=\"93541c7\" data-element_type=\"widget\" data-e-type=\"widget\" data-settings=\"{&quot;_position&quot;:&quot;absolute&quot;}\" data-widget_type=\"image.default\">\n\t\t\t\t<div class=\"elementor-widget-container\">\n\t\t\t\t\t\t\t\t\t\t\t\t\t\t\t<img decoding=\"async\" src=\"https:\/\/reservacultural.com.br\/niteroi\/wp-content\/uploads\/2025\/02\/hamburger-reserva.png\" title=\"hamburger reserva\" alt=\"hamburger reserva\" loading=\"lazy\" \/>\t\t\t\t\t\t\t\t\t\t\t\t\t\t\t<\/div>\n\t\t\t\t<\/div>\n\t\t<div class=\"elementor-element elementor-element-bf5bdc2 e-con-full elementor-hidden-mobile e-flex e-con e-child\" data-id=\"bf5bdc2\" data-element_type=\"container\" data-e-type=\"container\">\n\t\t\t\t<\/div>\n\t\t<div class=\"elementor-element elementor-element-60c173b e-con-full e-flex e-con e-child\" data-id=\"60c173b\" data-element_type=\"container\" data-e-type=\"container\">\n\t\t\t\t<div class=\"elementor-element elementor-element-979c7f8 elementor-widget elementor-widget-menu-anchor\" data-id=\"979c7f8\" data-element_type=\"widget\" data-e-type=\"widget\" data-widget_type=\"menu-anchor.default\">\n\t\t\t\t<div class=\"elementor-widget-container\">\n\t\t\t\t\t\t\t<div class=\"elementor-menu-anchor\" id=\"conteudo\"><\/div>\n\t\t\t\t\t\t<\/div>\n\t\t\t\t<\/div>\n\t\t\t\t<div class=\"elementor-element elementor-element-04f9307 elementor-widget elementor-widget-heading\" data-id=\"04f9307\" data-element_type=\"widget\" data-e-type=\"widget\" data-widget_type=\"heading.default\">\n\t\t\t\t<div class=\"elementor-widget-container\">\n\t\t\t\t\t<h2 class=\"elementor-heading-title elementor-size-default\">Drop Burguer<\/h2>\t\t\t\t<\/div>\n\t\t\t\t<\/div>\n\t\t\t\t<div class=\"elementor-element elementor-element-c43bf5a elementor-widget elementor-widget-text-editor\" data-id=\"c43bf5a\" data-element_type=\"widget\" data-e-type=\"widget\" data-widget_type=\"text-editor.default\">\n\t\t\t\t<div class=\"elementor-widget-container\">\n\t\t\t\t\t\t\t\t\t<p>Simples, justo e saboroso<\/p>\t\t\t\t\t\t\t\t<\/div>\n\t\t\t\t<\/div>\n\t\t\t\t<div class=\"elementor-element elementor-element-5a29e4b elementor-widget__width-initial elementor-widget elementor-widget-text-editor\" data-id=\"5a29e4b\" data-element_type=\"widget\" data-e-type=\"widget\" data-widget_type=\"text-editor.default\">\n\t\t\t\t<div class=\"elementor-widget-container\">\n\t\t\t\t\t\t\t\t\t<p>Aberto diariamente das <strong>17h \u00e0s 23h<\/strong><\/p>\t\t\t\t\t\t\t\t<\/div>\n\t\t\t\t<\/div>\n\t\t\t\t<\/div>\n\t\t\t\t\t<\/div>\n\t\t\t\t<\/div>\n\t\t<div class=\"elementor-element elementor-element-6fd66ee e-flex e-con-boxed e-con e-parent\" data-id=\"6fd66ee\" data-element_type=\"container\" data-e-type=\"container\">\n\t\t\t\t\t<div class=\"e-con-inner\">\n\t\t<div class=\"elementor-element elementor-element-12c3445 e-con-full e-flex e-con e-child\" data-id=\"12c3445\" data-element_type=\"container\" data-e-type=\"container\">\n\t\t<div class=\"elementor-element elementor-element-1ec4c0b e-con-full e-flex e-con e-child\" data-id=\"1ec4c0b\" data-element_type=\"container\" data-e-type=\"container\" data-settings=\"{&quot;background_background&quot;:&quot;classic&quot;}\">\n\t\t\t\t<div class=\"elementor-element elementor-element-ecc4c4f elementor-hidden-desktop elementor-hidden-tablet elementor-hidden-mobile aria-hidden-image elementor-widget elementor-widget-image\" data-id=\"ecc4c4f\" data-element_type=\"widget\" data-e-type=\"widget\" data-widget_type=\"image.default\">\n\t\t\t\t<div class=\"elementor-widget-container\">\n\t\t\t\t\t\t\t\t\t\t\t\t\t\t\t<img fetchpriority=\"high\" decoding=\"async\" width=\"1000\" height=\"1000\" src=\"https:\/\/reservacultural.com.br\/niteroi\/wp-content\/uploads\/2025\/02\/hamburger-reserva.png\" class=\"attachment-full size-full wp-image-2858\" alt=\"\" srcset=\"https:\/\/reservacultural.com.br\/niteroi\/wp-content\/uploads\/2025\/02\/hamburger-reserva.png 1000w, https:\/\/reservacultural.com.br\/niteroi\/wp-content\/uploads\/2025\/02\/hamburger-reserva-300x300.png 300w, https:\/\/reservacultural.com.br\/niteroi\/wp-content\/uploads\/2025\/02\/hamburger-reserva-150x150.png 150w, https:\/\/reservacultural.com.br\/niteroi\/wp-content\/uploads\/2025\/02\/hamburger-reserva-768x768.png 768w, https:\/\/reservacultural.com.br\/niteroi\/wp-content\/uploads\/2025\/02\/hamburger-reserva-12x12.png 12w, https:\/\/reservacultural.com.br\/niteroi\/wp-content\/uploads\/2025\/02\/elementor\/thumbs\/hamburger-reserva-r1i3km0tlxfsjpyeg7wi8viosyo462xhul1k0btpy8.png 400w, https:\/\/reservacultural.com.br\/niteroi\/wp-content\/uploads\/2025\/02\/elementor\/thumbs\/hamburger-reserva-r1i3km0uts885q44v4rocyd1uavqtu57qdmq5qaxzc.png 500w, https:\/\/reservacultural.com.br\/niteroi\/wp-content\/uploads\/2025\/02\/elementor\/thumbs\/hamburger-reserva-r1i3km0w1n0nrq9va1muh17evn3dhlcxm67wb4s60g.png 600w\" sizes=\"(max-width: 1000px) 100vw, 1000px\" \/>\t\t\t\t\t\t\t\t\t\t\t\t\t\t\t<\/div>\n\t\t\t\t<\/div>\n\t\t\t\t<div class=\"elementor-element elementor-element-d064992 elementor-widget elementor-widget-heading\" data-id=\"d064992\" data-element_type=\"widget\" data-e-type=\"widget\" data-widget_type=\"heading.default\">\n\t\t\t\t<div class=\"elementor-widget-container\">\n\t\t\t\t\t<h3 class=\"elementor-heading-title elementor-size-default\">Drop Burguer<\/h3>\t\t\t\t<\/div>\n\t\t\t\t<\/div>\n\t\t\t\t<div class=\"elementor-element elementor-element-262d06c elementor-widget elementor-widget-text-editor\" data-id=\"262d06c\" data-element_type=\"widget\" data-e-type=\"widget\" data-widget_type=\"text-editor.default\">\n\t\t\t\t<div class=\"elementor-widget-container\">\n\t\t\t\t\t\t\t\t\t<p><i>Mais uma novidade no Complexo Reserva Cultural Niter\u00f3i<\/i><\/p><p>O Drop Burger \u00e9 uma hamburgueria diferente de tudo o que voc\u00ea j\u00e1 experimentou \u2013 come\u00e7ando pela forma como produzimos nosso hamburger.<\/p><p>A especialidade do Drop s\u00e3o os <i>smashburgers<\/i> \u2013 uma t\u00e9cnica que consiste em moldar o blend de carne em uma bola e literalmente esmaga-la na chapa bem quente \u2013 feitos com carne de primeira mo\u00edda pouco antes de serem prensadas na chapa. Cada hamb\u00farguer pesa 120g e, por serem preparados na hora, carregam sucul\u00eancia e sabor sem igual.<\/p><p>O carro chefe do Drop Burger leva o nome da casa e, al\u00e9m de carne e queijo, vem recheado com um creme de bacon especial e cebola caramelizada (R$24,00). Se o cliente quiser algo mais simples, cheeseburger custa R$16,00. O restaurante conta ainda com uma op\u00e7\u00e3o vegana feita com hamb\u00farguer de cogumelos e sai por R$26,00.<\/p><p>Os s\u00f3cios do empreendimento Jo\u00e3o Paulo e Jo\u00e3o Bosco s\u00e3o mineiros e chegaram em Niter\u00f3i h\u00e1 pouco tempo, vindo de uma experi\u00eancia que tamb\u00e9m d\u00e1 \u00e1gua na boca. Eles come\u00e7aram a trabalhar juntos na abertura da M\u00edstica Pizza, na Vila Madalena \u2013 bairro com restaurantes e uma vida noturna agitada em S\u00e3o Paulo capital. \u201cNas folgas da pizzaria a gente fazia hamb\u00farguer para os amigos. Estes amigos come\u00e7aram a chamar outros amigos para a nossa casa e, quando nos demos conta, est\u00e1vamos fazendo eventos particulares em S\u00e3o Paulo\u201d \u2013 conta Jo\u00e3o Paulo.<\/p><p>\u00a0Jo\u00e3o Bosco veio junto com a pizzaria para Niter\u00f3i. Em seu primeiro ano, a M\u00edstica Pizza foi eleita a melhor pizza da cidade no \u00c1gua na Boca do jornal O Globo. Um tempo depois, Jo\u00e3o Paulo tamb\u00e9m se rendeu ao chamado do mar e, junto com Jo\u00e3o Bosco, come\u00e7aram este novo projeto.<\/p><p>Assim, no in\u00edcio do m\u00eas de novembro, nasceu o Drop Burger, que j\u00e1 faz sucesso entre clientes e os novos amigos que os dois est\u00e3o fazendo pela regi\u00e3o. Mais que uma lanchonete, o ambiente \u00e9 ideal para curtir um happy hour ou tomar um milk shake para espantar o calor. E como bons mineiros, receber bem, com uma boa conversa tamb\u00e9m \u00e9 uma especialidade da casa.<\/p><p>O Drop Burger est\u00e1 localizado no Cinema Reserva Cultural \u2013 Rua Av. Visconde do Rio Branco, 880, S\u00e3o Domingos.<\/p><p>Ficou com vontade, nos visite ou fa\u00e7a pedido pelo <i>IFood<\/i> ou <i>Uber Eats.<\/i><\/p>\t\t\t\t\t\t\t\t<\/div>\n\t\t\t\t<\/div>\n\t\t\t\t<div class=\"elementor-element elementor-element-2e76df1 elementor-widget elementor-widget-heading\" data-id=\"2e76df1\" data-element_type=\"widget\" data-e-type=\"widget\" data-widget_type=\"heading.default\">\n\t\t\t\t<div class=\"elementor-widget-container\">\n\t\t\t\t\t<h3 class=\"elementor-heading-title elementor-size-default\">Hor\u00e1rio de Funcionamento<\/h3>\t\t\t\t<\/div>\n\t\t\t\t<\/div>\n\t\t\t\t<div class=\"elementor-element elementor-element-3a9a4c2 elementor-widget elementor-widget-text-editor\" data-id=\"3a9a4c2\" data-element_type=\"widget\" data-e-type=\"widget\" data-widget_type=\"text-editor.default\">\n\t\t\t\t<div class=\"elementor-widget-container\">\n\t\t\t\t\t\t\t\t\t<ul><li style=\"font-weight: 400;\" aria-level=\"2\"><span style=\"font-weight: 400;\">De segunda a domingo, das 17:00 \u00e0s 23:00 horas.<\/span><\/li><\/ul>\t\t\t\t\t\t\t\t<\/div>\n\t\t\t\t<\/div>\n\t\t\t\t<div class=\"elementor-element elementor-element-ad2d0bd elementor-widget elementor-widget-heading\" data-id=\"ad2d0bd\" data-element_type=\"widget\" data-e-type=\"widget\" data-widget_type=\"heading.default\">\n\t\t\t\t<div class=\"elementor-widget-container\">\n\t\t\t\t\t<h3 class=\"elementor-heading-title elementor-size-default\">Endere\u00e7o<\/h3>\t\t\t\t<\/div>\n\t\t\t\t<\/div>\n\t\t\t\t<div class=\"elementor-element elementor-element-fa4fd2d elementor-widget elementor-widget-text-editor\" data-id=\"fa4fd2d\" data-element_type=\"widget\" data-e-type=\"widget\" data-widget_type=\"text-editor.default\">\n\t\t\t\t<div class=\"elementor-widget-container\">\n\t\t\t\t\t\t\t\t\t<ul><li>Av. Visconde do Rio Branco, 880 &#8211; CEP 24020-007 &#8211; Bairro S\u00e3o Domingos &#8211; Niter\u00f3i\/RJ<\/li><\/ul>\t\t\t\t\t\t\t\t<\/div>\n\t\t\t\t<\/div>\n\t\t\t\t<div class=\"elementor-element elementor-element-0ebb441 elementor-blockquote--skin-border elementor-widget elementor-widget-blockquote\" data-id=\"0ebb441\" data-element_type=\"widget\" data-e-type=\"widget\" data-widget_type=\"blockquote.default\">\n\t\t\t\t<div class=\"elementor-widget-container\">\n\t\t\t\t\t\t\t<blockquote class=\"elementor-blockquote\">\n\t\t\t<p class=\"elementor-blockquote__content\">\n\t\t\t\t\u201cEstamos muito animados com a resposta do p\u00fablico, s\u00e3o muitos elogios aos produtos e ao nosso atendimento. A loja abre todos os dias e a gente j\u00e1 opera com for\u00e7a total tamb\u00e9m no delivery\u201d\t\t\t<\/p>\n\t\t\t\t\t\t\t<div class=\"e-q-footer\">\n\t\t\t\t\t\t\t\t\t\t\t<cite class=\"elementor-blockquote__author\"> Jo\u00e3o Bosco.<\/cite>\n\t\t\t\t\t\t\t\t\t\t\t\t\t\t<\/div>\n\t\t\t\t\t<\/blockquote>\n\t\t\t\t\t\t<\/div>\n\t\t\t\t<\/div>\n\t\t\t\t<\/div>\n\t\t\t\t<\/div>\n\t\t\t\t\t<\/div>\n\t\t\t\t<\/div>\n\t\t<div class=\"elementor-element elementor-element-b798560 e-flex e-con-boxed e-con e-parent\" data-id=\"b798560\" data-element_type=\"container\" data-e-type=\"container\" data-settings=\"{&quot;background_background&quot;:&quot;classic&quot;}\">\n\t\t\t\t\t<div class=\"e-con-inner\">\n\t\t<div class=\"elementor-element elementor-element-2a3e1eb e-con-full e-flex e-con e-child\" data-id=\"2a3e1eb\" data-element_type=\"container\" data-e-type=\"container\" data-settings=\"{&quot;background_background&quot;:&quot;classic&quot;}\">\n\t\t\t\t<\/div>\n\t\t\t\t\t<\/div>\n\t\t\t\t<\/div>\n\t\t\t\t<\/div>\n\t\t","protected":false},"excerpt":{"rendered":"<p>Drop Burguer Simples, justo e saboroso Aberto diariamente das 17h \u00e0s 23h Drop Burguer Mais uma novidade no Complexo Reserva Cultural Niter\u00f3i O Drop Burger \u00e9 uma hamburgueria diferente de tudo o que voc\u00ea j\u00e1 experimentou \u2013 come\u00e7ando pela forma como produzimos nosso hamburger. A especialidade do Drop s\u00e3o os smashburgers \u2013 uma t\u00e9cnica que [&hellip;]<\/p>\n","protected":false},"author":1,"featured_media":0,"parent":1076,"menu_order":0,"comment_status":"closed","ping_status":"closed","template":"","meta":{"_acf_changed":false,"footnotes":""},"class_list":["post-2632","page","type-page","status-publish","hentry"],"acf":[],"yoast_head":"<!-- This site is optimized with the Yoast SEO plugin v27.4 - https:\/\/yoast.com\/product\/yoast-seo-wordpress\/ -->\n<title>Drop Burger - Cinema Reserva Cultural<\/title>\n<meta name=\"robots\" content=\"index, follow, max-snippet:-1, max-image-preview:large, max-video-preview:-1\" \/>\n<link rel=\"canonical\" href=\"https:\/\/reservacultural.com.br\/niteroi\/gastronomia\/drop-burger\/\" \/>\n<meta property=\"og:locale\" content=\"pt_BR\" \/>\n<meta property=\"og:type\" content=\"article\" \/>\n<meta property=\"og:title\" content=\"Drop Burger - Cinema Reserva Cultural\" \/>\n<meta property=\"og:description\" content=\"Drop Burguer Simples, justo e saboroso Aberto diariamente das 17h \u00e0s 23h Drop Burguer Mais uma novidade no Complexo Reserva Cultural Niter\u00f3i O Drop Burger \u00e9 uma hamburgueria diferente de tudo o que voc\u00ea j\u00e1 experimentou \u2013 come\u00e7ando pela forma como produzimos nosso hamburger. A especialidade do Drop s\u00e3o os smashburgers \u2013 uma t\u00e9cnica que [&hellip;]\" \/>\n<meta property=\"og:url\" content=\"https:\/\/reservacultural.com.br\/niteroi\/gastronomia\/drop-burger\/\" \/>\n<meta property=\"og:site_name\" content=\"Cinema Reserva Cultural\" \/>\n<meta property=\"article:modified_time\" content=\"2025-04-17T17:26:44+00:00\" \/>\n<meta property=\"og:image\" content=\"https:\/\/reservacultural.com.br\/niteroi\/wp-content\/uploads\/elementor\/thumbs\/hamburger-reserva-r1i3km0tlxfsjpyeg7wi8viosyo462xhul1k0btpy8.png\" \/>\n<meta name=\"twitter:card\" content=\"summary_large_image\" \/>\n<meta name=\"twitter:label1\" content=\"Est. tempo de leitura\" \/>\n\t<meta name=\"twitter:data1\" content=\"3 minutos\" \/>\n<script type=\"application\/ld+json\" class=\"yoast-schema-graph\">{\"@context\":\"https:\\\/\\\/schema.org\",\"@graph\":[{\"@type\":\"WebPage\",\"@id\":\"https:\\\/\\\/reservacultural.com.br\\\/niteroi\\\/gastronomia\\\/drop-burger\\\/\",\"url\":\"https:\\\/\\\/reservacultural.com.br\\\/niteroi\\\/gastronomia\\\/drop-burger\\\/\",\"name\":\"Drop Burger - Cinema Reserva Cultural\",\"isPartOf\":{\"@id\":\"https:\\\/\\\/reservacultural.com.br\\\/niteroi\\\/#website\"},\"primaryImageOfPage\":{\"@id\":\"https:\\\/\\\/reservacultural.com.br\\\/niteroi\\\/gastronomia\\\/drop-burger\\\/#primaryimage\"},\"image\":{\"@id\":\"https:\\\/\\\/reservacultural.com.br\\\/niteroi\\\/gastronomia\\\/drop-burger\\\/#primaryimage\"},\"thumbnailUrl\":\"https:\\\/\\\/reservacultural.com.br\\\/niteroi\\\/wp-content\\\/uploads\\\/elementor\\\/thumbs\\\/hamburger-reserva-r1i3km0tlxfsjpyeg7wi8viosyo462xhul1k0btpy8.png\",\"datePublished\":\"2025-02-13T19:39:17+00:00\",\"dateModified\":\"2025-04-17T17:26:44+00:00\",\"breadcrumb\":{\"@id\":\"https:\\\/\\\/reservacultural.com.br\\\/niteroi\\\/gastronomia\\\/drop-burger\\\/#breadcrumb\"},\"inLanguage\":\"pt-BR\",\"potentialAction\":[{\"@type\":\"ReadAction\",\"target\":[\"https:\\\/\\\/reservacultural.com.br\\\/niteroi\\\/gastronomia\\\/drop-burger\\\/\"]}]},{\"@type\":\"ImageObject\",\"inLanguage\":\"pt-BR\",\"@id\":\"https:\\\/\\\/reservacultural.com.br\\\/niteroi\\\/gastronomia\\\/drop-burger\\\/#primaryimage\",\"url\":\"https:\\\/\\\/reservacultural.com.br\\\/niteroi\\\/wp-content\\\/uploads\\\/elementor\\\/thumbs\\\/hamburger-reserva-r1i3km0tlxfsjpyeg7wi8viosyo462xhul1k0btpy8.png\",\"contentUrl\":\"https:\\\/\\\/reservacultural.com.br\\\/niteroi\\\/wp-content\\\/uploads\\\/elementor\\\/thumbs\\\/hamburger-reserva-r1i3km0tlxfsjpyeg7wi8viosyo462xhul1k0btpy8.png\"},{\"@type\":\"BreadcrumbList\",\"@id\":\"https:\\\/\\\/reservacultural.com.br\\\/niteroi\\\/gastronomia\\\/drop-burger\\\/#breadcrumb\",\"itemListElement\":[{\"@type\":\"ListItem\",\"position\":1,\"name\":\"In\u00edcio\",\"item\":\"https:\\\/\\\/reservacultural.com.br\\\/niteroi\\\/\"},{\"@type\":\"ListItem\",\"position\":2,\"name\":\"Gastronomia\",\"item\":\"https:\\\/\\\/reservacultural.com.br\\\/niteroi\\\/gastronomia\\\/\"},{\"@type\":\"ListItem\",\"position\":3,\"name\":\"Drop Burger\"}]},{\"@type\":\"WebSite\",\"@id\":\"https:\\\/\\\/reservacultural.com.br\\\/niteroi\\\/#website\",\"url\":\"https:\\\/\\\/reservacultural.com.br\\\/niteroi\\\/\",\"name\":\"Cinema Reserva Cultural\",\"description\":\"Filmes, gastronomia e Eventos\",\"publisher\":{\"@id\":\"https:\\\/\\\/reservacultural.com.br\\\/niteroi\\\/#organization\"},\"potentialAction\":[{\"@type\":\"SearchAction\",\"target\":{\"@type\":\"EntryPoint\",\"urlTemplate\":\"https:\\\/\\\/reservacultural.com.br\\\/niteroi\\\/?s={search_term_string}\"},\"query-input\":{\"@type\":\"PropertyValueSpecification\",\"valueRequired\":true,\"valueName\":\"search_term_string\"}}],\"inLanguage\":\"pt-BR\"},{\"@type\":\"Organization\",\"@id\":\"https:\\\/\\\/reservacultural.com.br\\\/niteroi\\\/#organization\",\"name\":\"Cinema Reserva Cultural\",\"url\":\"https:\\\/\\\/reservacultural.com.br\\\/niteroi\\\/\",\"logo\":{\"@type\":\"ImageObject\",\"inLanguage\":\"pt-BR\",\"@id\":\"https:\\\/\\\/reservacultural.com.br\\\/niteroi\\\/#\\\/schema\\\/logo\\\/image\\\/\",\"url\":\"https:\\\/\\\/reservacultural.com.br\\\/niteroi_\\\/wp-content\\\/uploads\\\/2024\\\/07\\\/Captura-de-Tela-2024-04-18-as-14.07-1.jpg\",\"contentUrl\":\"https:\\\/\\\/reservacultural.com.br\\\/niteroi_\\\/wp-content\\\/uploads\\\/2024\\\/07\\\/Captura-de-Tela-2024-04-18-as-14.07-1.jpg\",\"width\":274,\"height\":96,\"caption\":\"Cinema Reserva Cultural\"},\"image\":{\"@id\":\"https:\\\/\\\/reservacultural.com.br\\\/niteroi\\\/#\\\/schema\\\/logo\\\/image\\\/\"}}]}<\/script>\n<!-- \/ Yoast SEO plugin. -->","yoast_head_json":{"title":"Drop Burger - Cinema Reserva Cultural","robots":{"index":"index","follow":"follow","max-snippet":"max-snippet:-1","max-image-preview":"max-image-preview:large","max-video-preview":"max-video-preview:-1"},"canonical":"https:\/\/reservacultural.com.br\/niteroi\/gastronomia\/drop-burger\/","og_locale":"pt_BR","og_type":"article","og_title":"Drop Burger - Cinema Reserva Cultural","og_description":"Drop Burguer Simples, justo e saboroso Aberto diariamente das 17h \u00e0s 23h Drop Burguer Mais uma novidade no Complexo Reserva Cultural Niter\u00f3i O Drop Burger \u00e9 uma hamburgueria diferente de tudo o que voc\u00ea j\u00e1 experimentou \u2013 come\u00e7ando pela forma como produzimos nosso hamburger. A especialidade do Drop s\u00e3o os smashburgers \u2013 uma t\u00e9cnica que [&hellip;]","og_url":"https:\/\/reservacultural.com.br\/niteroi\/gastronomia\/drop-burger\/","og_site_name":"Cinema Reserva Cultural","article_modified_time":"2025-04-17T17:26:44+00:00","og_image":[{"url":"https:\/\/reservacultural.com.br\/niteroi\/wp-content\/uploads\/elementor\/thumbs\/hamburger-reserva-r1i3km0tlxfsjpyeg7wi8viosyo462xhul1k0btpy8.png","type":"","width":"","height":""}],"twitter_card":"summary_large_image","twitter_misc":{"Est. tempo de leitura":"3 minutos"},"schema":{"@context":"https:\/\/schema.org","@graph":[{"@type":"WebPage","@id":"https:\/\/reservacultural.com.br\/niteroi\/gastronomia\/drop-burger\/","url":"https:\/\/reservacultural.com.br\/niteroi\/gastronomia\/drop-burger\/","name":"Drop Burger - Cinema Reserva Cultural","isPartOf":{"@id":"https:\/\/reservacultural.com.br\/niteroi\/#website"},"primaryImageOfPage":{"@id":"https:\/\/reservacultural.com.br\/niteroi\/gastronomia\/drop-burger\/#primaryimage"},"image":{"@id":"https:\/\/reservacultural.com.br\/niteroi\/gastronomia\/drop-burger\/#primaryimage"},"thumbnailUrl":"https:\/\/reservacultural.com.br\/niteroi\/wp-content\/uploads\/elementor\/thumbs\/hamburger-reserva-r1i3km0tlxfsjpyeg7wi8viosyo462xhul1k0btpy8.png","datePublished":"2025-02-13T19:39:17+00:00","dateModified":"2025-04-17T17:26:44+00:00","breadcrumb":{"@id":"https:\/\/reservacultural.com.br\/niteroi\/gastronomia\/drop-burger\/#breadcrumb"},"inLanguage":"pt-BR","potentialAction":[{"@type":"ReadAction","target":["https:\/\/reservacultural.com.br\/niteroi\/gastronomia\/drop-burger\/"]}]},{"@type":"ImageObject","inLanguage":"pt-BR","@id":"https:\/\/reservacultural.com.br\/niteroi\/gastronomia\/drop-burger\/#primaryimage","url":"https:\/\/reservacultural.com.br\/niteroi\/wp-content\/uploads\/elementor\/thumbs\/hamburger-reserva-r1i3km0tlxfsjpyeg7wi8viosyo462xhul1k0btpy8.png","contentUrl":"https:\/\/reservacultural.com.br\/niteroi\/wp-content\/uploads\/elementor\/thumbs\/hamburger-reserva-r1i3km0tlxfsjpyeg7wi8viosyo462xhul1k0btpy8.png"},{"@type":"BreadcrumbList","@id":"https:\/\/reservacultural.com.br\/niteroi\/gastronomia\/drop-burger\/#breadcrumb","itemListElement":[{"@type":"ListItem","position":1,"name":"In\u00edcio","item":"https:\/\/reservacultural.com.br\/niteroi\/"},{"@type":"ListItem","position":2,"name":"Gastronomia","item":"https:\/\/reservacultural.com.br\/niteroi\/gastronomia\/"},{"@type":"ListItem","position":3,"name":"Drop Burger"}]},{"@type":"WebSite","@id":"https:\/\/reservacultural.com.br\/niteroi\/#website","url":"https:\/\/reservacultural.com.br\/niteroi\/","name":"Cinema Reserva Cultural","description":"Filmes, gastronomia e Eventos","publisher":{"@id":"https:\/\/reservacultural.com.br\/niteroi\/#organization"},"potentialAction":[{"@type":"SearchAction","target":{"@type":"EntryPoint","urlTemplate":"https:\/\/reservacultural.com.br\/niteroi\/?s={search_term_string}"},"query-input":{"@type":"PropertyValueSpecification","valueRequired":true,"valueName":"search_term_string"}}],"inLanguage":"pt-BR"},{"@type":"Organization","@id":"https:\/\/reservacultural.com.br\/niteroi\/#organization","name":"Cinema Reserva Cultural","url":"https:\/\/reservacultural.com.br\/niteroi\/","logo":{"@type":"ImageObject","inLanguage":"pt-BR","@id":"https:\/\/reservacultural.com.br\/niteroi\/#\/schema\/logo\/image\/","url":"https:\/\/reservacultural.com.br\/niteroi_\/wp-content\/uploads\/2024\/07\/Captura-de-Tela-2024-04-18-as-14.07-1.jpg","contentUrl":"https:\/\/reservacultural.com.br\/niteroi_\/wp-content\/uploads\/2024\/07\/Captura-de-Tela-2024-04-18-as-14.07-1.jpg","width":274,"height":96,"caption":"Cinema Reserva Cultural"},"image":{"@id":"https:\/\/reservacultural.com.br\/niteroi\/#\/schema\/logo\/image\/"}}]}},"_links":{"self":[{"href":"https:\/\/reservacultural.com.br\/niteroi\/wp-json\/wp\/v2\/pages\/2632","targetHints":{"allow":["GET"]}}],"collection":[{"href":"https:\/\/reservacultural.com.br\/niteroi\/wp-json\/wp\/v2\/pages"}],"about":[{"href":"https:\/\/reservacultural.com.br\/niteroi\/wp-json\/wp\/v2\/types\/page"}],"author":[{"embeddable":true,"href":"https:\/\/reservacultural.com.br\/niteroi\/wp-json\/wp\/v2\/users\/1"}],"replies":[{"embeddable":true,"href":"https:\/\/reservacultural.com.br\/niteroi\/wp-json\/wp\/v2\/comments?post=2632"}],"version-history":[{"count":0,"href":"https:\/\/reservacultural.com.br\/niteroi\/wp-json\/wp\/v2\/pages\/2632\/revisions"}],"up":[{"embeddable":true,"href":"https:\/\/reservacultural.com.br\/niteroi\/wp-json\/wp\/v2\/pages\/1076"}],"wp:attachment":[{"href":"https:\/\/reservacultural.com.br\/niteroi\/wp-json\/wp\/v2\/media?parent=2632"}],"curies":[{"name":"wp","href":"https:\/\/api.w.org\/{rel}","templated":true}]}}