{"id":1028,"date":"2024-09-17T10:27:42","date_gmt":"2024-09-17T13:27:42","guid":{"rendered":"https:\/\/reservacultural.com.br\/niteroi_\/?page_id=1028"},"modified":"2025-04-17T14:28:56","modified_gmt":"2025-04-17T17:28:56","slug":"mahatma","status":"publish","type":"page","link":"https:\/\/reservacultural.com.br\/niteroi\/gastronomia\/mahatma\/","title":{"rendered":"Mahatma"},"content":{"rendered":"\t\t<div data-elementor-type=\"wp-page\" data-elementor-id=\"1028\" class=\"elementor elementor-1028\" data-elementor-post-type=\"page\">\n\t\t\t\t<div class=\"elementor-element elementor-element-c6193f8 e-flex e-con-boxed e-con e-parent\" data-id=\"c6193f8\" data-element_type=\"container\" data-e-type=\"container\" data-settings=\"{&quot;background_background&quot;:&quot;classic&quot;}\">\n\t\t\t\t\t<div class=\"e-con-inner\">\n\t\t\t\t<div class=\"elementor-element elementor-element-93541c7 elementor-absolute elementor-hidden-mobile aria-hidden-image elementor-widget elementor-widget-image\" data-id=\"93541c7\" data-element_type=\"widget\" data-e-type=\"widget\" data-settings=\"{&quot;_position&quot;:&quot;absolute&quot;}\" data-widget_type=\"image.default\">\n\t\t\t\t<div class=\"elementor-widget-container\">\n\t\t\t\t\t\t\t\t\t\t\t\t\t\t\t<img fetchpriority=\"high\" decoding=\"async\" width=\"800\" height=\"448\" src=\"https:\/\/reservacultural.com.br\/niteroi\/wp-content\/uploads\/2025\/02\/pizza-1024x574.png\" class=\"attachment-large size-large wp-image-2817\" alt=\"Pizza\" srcset=\"https:\/\/reservacultural.com.br\/niteroi\/wp-content\/uploads\/2025\/02\/pizza-1024x574.png 1024w, https:\/\/reservacultural.com.br\/niteroi\/wp-content\/uploads\/2025\/02\/pizza-300x168.png 300w, https:\/\/reservacultural.com.br\/niteroi\/wp-content\/uploads\/2025\/02\/pizza-768x431.png 768w, https:\/\/reservacultural.com.br\/niteroi\/wp-content\/uploads\/2025\/02\/pizza-1536x861.png 1536w, https:\/\/reservacultural.com.br\/niteroi\/wp-content\/uploads\/2025\/02\/pizza-18x10.png 18w, https:\/\/reservacultural.com.br\/niteroi\/wp-content\/uploads\/2025\/02\/pizza.png 1890w\" sizes=\"(max-width: 800px) 100vw, 800px\" \/>\t\t\t\t\t\t\t\t\t\t\t\t\t\t\t<\/div>\n\t\t\t\t<\/div>\n\t\t<div class=\"elementor-element elementor-element-bf5bdc2 e-con-full elementor-hidden-mobile e-flex e-con e-child\" data-id=\"bf5bdc2\" data-element_type=\"container\" data-e-type=\"container\">\n\t\t\t\t<\/div>\n\t\t<div class=\"elementor-element elementor-element-60c173b e-con-full e-flex e-con e-child\" data-id=\"60c173b\" data-element_type=\"container\" data-e-type=\"container\">\n\t\t\t\t<div class=\"elementor-element elementor-element-979c7f8 elementor-widget elementor-widget-menu-anchor\" data-id=\"979c7f8\" data-element_type=\"widget\" data-e-type=\"widget\" data-widget_type=\"menu-anchor.default\">\n\t\t\t\t<div class=\"elementor-widget-container\">\n\t\t\t\t\t\t\t<div class=\"elementor-menu-anchor\" id=\"conteudo\"><\/div>\n\t\t\t\t\t\t<\/div>\n\t\t\t\t<\/div>\n\t\t\t\t<div class=\"elementor-element elementor-element-04f9307 elementor-widget elementor-widget-heading\" data-id=\"04f9307\" data-element_type=\"widget\" data-e-type=\"widget\" data-widget_type=\"heading.default\">\n\t\t\t\t<div class=\"elementor-widget-container\">\n\t\t\t\t\t<h2 class=\"elementor-heading-title elementor-size-default\">Mahatma<\/h2>\t\t\t\t<\/div>\n\t\t\t\t<\/div>\n\t\t\t\t<div class=\"elementor-element elementor-element-c43bf5a elementor-widget elementor-widget-text-editor\" data-id=\"c43bf5a\" data-element_type=\"widget\" data-e-type=\"widget\" data-widget_type=\"text-editor.default\">\n\t\t\t\t<div class=\"elementor-widget-container\">\n\t\t\t\t\t\t\t\t\t<p>Delicie-se com a melhor pizza de Niter\u00f3i<\/p>\t\t\t\t\t\t\t\t<\/div>\n\t\t\t\t<\/div>\n\t\t\t\t<div class=\"elementor-element elementor-element-5a29e4b elementor-widget__width-initial elementor-widget elementor-widget-text-editor\" data-id=\"5a29e4b\" data-element_type=\"widget\" data-e-type=\"widget\" data-widget_type=\"text-editor.default\">\n\t\t\t\t<div class=\"elementor-widget-container\">\n\t\t\t\t\t\t\t\t\t<p>Segunda a Domingo das <strong>17h \u00e0s 23h<\/strong><\/p>\t\t\t\t\t\t\t\t<\/div>\n\t\t\t\t<\/div>\n\t\t\t\t<\/div>\n\t\t\t\t\t<\/div>\n\t\t\t\t<\/div>\n\t\t<div class=\"elementor-element elementor-element-6fd66ee e-flex e-con-boxed e-con e-parent\" data-id=\"6fd66ee\" data-element_type=\"container\" data-e-type=\"container\">\n\t\t\t\t\t<div class=\"e-con-inner\">\n\t\t<div class=\"elementor-element elementor-element-12c3445 e-con-full e-flex e-con e-child\" data-id=\"12c3445\" data-element_type=\"container\" data-e-type=\"container\">\n\t\t<div class=\"elementor-element elementor-element-1ec4c0b e-con-full e-flex e-con e-child\" data-id=\"1ec4c0b\" data-element_type=\"container\" data-e-type=\"container\" data-settings=\"{&quot;background_background&quot;:&quot;classic&quot;}\">\n\t\t\t\t<div class=\"elementor-element elementor-element-ecc4c4f elementor-hidden-desktop elementor-hidden-tablet elementor-hidden-mobile aria-hidden-image elementor-widget elementor-widget-image\" data-id=\"ecc4c4f\" data-element_type=\"widget\" data-e-type=\"widget\" data-widget_type=\"image.default\">\n\t\t\t\t<div class=\"elementor-widget-container\">\n\t\t\t\t\t\t\t\t\t\t\t\t\t\t\t<img decoding=\"async\" width=\"1890\" height=\"1060\" src=\"https:\/\/reservacultural.com.br\/niteroi\/wp-content\/uploads\/2025\/02\/pizza.png\" class=\"attachment-full size-full wp-image-2817\" alt=\"Pizza\" srcset=\"https:\/\/reservacultural.com.br\/niteroi\/wp-content\/uploads\/2025\/02\/pizza.png 1890w, https:\/\/reservacultural.com.br\/niteroi\/wp-content\/uploads\/2025\/02\/pizza-300x168.png 300w, https:\/\/reservacultural.com.br\/niteroi\/wp-content\/uploads\/2025\/02\/pizza-1024x574.png 1024w, https:\/\/reservacultural.com.br\/niteroi\/wp-content\/uploads\/2025\/02\/pizza-768x431.png 768w, https:\/\/reservacultural.com.br\/niteroi\/wp-content\/uploads\/2025\/02\/pizza-1536x861.png 1536w, https:\/\/reservacultural.com.br\/niteroi\/wp-content\/uploads\/2025\/02\/pizza-18x10.png 18w\" sizes=\"(max-width: 1890px) 100vw, 1890px\" \/>\t\t\t\t\t\t\t\t\t\t\t\t\t\t\t<\/div>\n\t\t\t\t<\/div>\n\t\t\t\t<div class=\"elementor-element elementor-element-2e76df1 elementor-widget elementor-widget-heading\" data-id=\"2e76df1\" data-element_type=\"widget\" data-e-type=\"widget\" data-widget_type=\"heading.default\">\n\t\t\t\t<div class=\"elementor-widget-container\">\n\t\t\t\t\t<h3 class=\"elementor-heading-title elementor-size-default\">Hor\u00e1rio de Funcionamento<\/h3>\t\t\t\t<\/div>\n\t\t\t\t<\/div>\n\t\t\t\t<div class=\"elementor-element elementor-element-3a9a4c2 elementor-widget elementor-widget-text-editor\" data-id=\"3a9a4c2\" data-element_type=\"widget\" data-e-type=\"widget\" data-widget_type=\"text-editor.default\">\n\t\t\t\t<div class=\"elementor-widget-container\">\n\t\t\t\t\t\t\t\t\t<ul><li style=\"font-weight: 400;\" aria-level=\"2\"><span style=\"font-weight: 400;\">De segunda a domingo, das 17:00 \u00e0s 23:00 horas.<\/span><\/li><\/ul>\t\t\t\t\t\t\t\t<\/div>\n\t\t\t\t<\/div>\n\t\t\t\t<div class=\"elementor-element elementor-element-ad2d0bd elementor-widget elementor-widget-heading\" data-id=\"ad2d0bd\" data-element_type=\"widget\" data-e-type=\"widget\" data-widget_type=\"heading.default\">\n\t\t\t\t<div class=\"elementor-widget-container\">\n\t\t\t\t\t<h3 class=\"elementor-heading-title elementor-size-default\">Endere\u00e7o<\/h3>\t\t\t\t<\/div>\n\t\t\t\t<\/div>\n\t\t\t\t<div class=\"elementor-element elementor-element-fa4fd2d elementor-widget elementor-widget-text-editor\" data-id=\"fa4fd2d\" data-element_type=\"widget\" data-e-type=\"widget\" data-widget_type=\"text-editor.default\">\n\t\t\t\t<div class=\"elementor-widget-container\">\n\t\t\t\t\t\t\t\t\t<ul>\n \t<li>Av. Visconde do Rio Branco, 880 &#8211; CEP 24020-007 &#8211; Bairro S\u00e3o Domingos &#8211; Niter\u00f3i\/RJ<\/li>\n<\/ul>\t\t\t\t\t\t\t\t<\/div>\n\t\t\t\t<\/div>\n\t\t\t\t<div class=\"elementor-element elementor-element-4430fcc elementor-widget elementor-widget-heading\" data-id=\"4430fcc\" data-element_type=\"widget\" data-e-type=\"widget\" data-widget_type=\"heading.default\">\n\t\t\t\t<div class=\"elementor-widget-container\">\n\t\t\t\t\t<h3 class=\"elementor-heading-title elementor-size-default\">Informa\u00e7\u00f5es Adicionais<\/h3>\t\t\t\t<\/div>\n\t\t\t\t<\/div>\n\t\t\t\t<div class=\"elementor-element elementor-element-c1b1c38 elementor-widget elementor-widget-text-editor\" data-id=\"c1b1c38\" data-element_type=\"widget\" data-e-type=\"widget\" data-widget_type=\"text-editor.default\">\n\t\t\t\t<div class=\"elementor-widget-container\">\n\t\t\t\t\t\t\t\t\t<ul><li>Formas de Pagamento: Aceitamos todos os cart\u00f5es de cr\u00e9dito.<\/li><\/ul>\t\t\t\t\t\t\t\t<\/div>\n\t\t\t\t<\/div>\n\t\t\t\t<\/div>\n\t\t\t\t<\/div>\n\t\t\t\t\t<\/div>\n\t\t\t\t<\/div>\n\t\t<div class=\"elementor-element elementor-element-7df3a00 e-flex e-con-boxed e-con e-parent\" data-id=\"7df3a00\" data-element_type=\"container\" data-e-type=\"container\" data-settings=\"{&quot;background_background&quot;:&quot;classic&quot;}\">\n\t\t\t\t\t<div class=\"e-con-inner\">\n\t\t\t\t<div class=\"elementor-element elementor-element-7cf0f87 elementor-widget elementor-widget-heading\" data-id=\"7cf0f87\" data-element_type=\"widget\" data-e-type=\"widget\" data-widget_type=\"heading.default\">\n\t\t\t\t<div class=\"elementor-widget-container\">\n\t\t\t\t\t<div class=\"elementor-heading-title elementor-size-default\">Venha nos<b> visitar!<\/b> <\/div>\t\t\t\t<\/div>\n\t\t\t\t<\/div>\n\t\t\t\t<div class=\"elementor-element elementor-element-19a600e elementor-absolute aria-hidden-image elementor-widget elementor-widget-image\" data-id=\"19a600e\" data-element_type=\"widget\" data-e-type=\"widget\" data-settings=\"{&quot;_position&quot;:&quot;absolute&quot;}\" data-widget_type=\"image.default\">\n\t\t\t\t<div class=\"elementor-widget-container\">\n\t\t\t\t\t\t\t\t\t\t\t\t\t\t\t<img decoding=\"async\" src=\"https:\/\/reservacultural.com.br\/niteroi\/wp-content\/uploads\/2025\/02\/pizza-com-sombra.png\" title=\"pizza-com-sombra\" alt=\"Pizza\" loading=\"lazy\" \/>\t\t\t\t\t\t\t\t\t\t\t\t\t\t\t<\/div>\n\t\t\t\t<\/div>\n\t\t\t\t\t<\/div>\n\t\t\t\t<\/div>\n\t\t<div class=\"elementor-element elementor-element-f454d47 e-flex e-con-boxed e-con e-parent\" data-id=\"f454d47\" data-element_type=\"container\" data-e-type=\"container\">\n\t\t\t\t\t<div class=\"e-con-inner\">\n\t\t<div class=\"elementor-element elementor-element-0e58d56 e-con-full e-flex e-con e-child\" data-id=\"0e58d56\" data-element_type=\"container\" data-e-type=\"container\" data-settings=\"{&quot;background_background&quot;:&quot;classic&quot;}\">\n\t\t\t\t<div class=\"elementor-element elementor-element-3c504e9 elementor-widget elementor-widget-gallery\" data-id=\"3c504e9\" data-element_type=\"widget\" data-e-type=\"widget\" data-settings=\"{&quot;aspect_ratio&quot;:&quot;1:1&quot;,&quot;lazyload&quot;:&quot;yes&quot;,&quot;gallery_layout&quot;:&quot;grid&quot;,&quot;columns&quot;:4,&quot;columns_tablet&quot;:2,&quot;columns_mobile&quot;:1,&quot;gap&quot;:{&quot;unit&quot;:&quot;px&quot;,&quot;size&quot;:10,&quot;sizes&quot;:[]},&quot;gap_tablet&quot;:{&quot;unit&quot;:&quot;px&quot;,&quot;size&quot;:10,&quot;sizes&quot;:[]},&quot;gap_mobile&quot;:{&quot;unit&quot;:&quot;px&quot;,&quot;size&quot;:10,&quot;sizes&quot;:[]},&quot;content_hover_animation&quot;:&quot;fade-in&quot;}\" data-widget_type=\"gallery.default\">\n\t\t\t\t<div class=\"elementor-widget-container\">\n\t\t\t\t\t\t\t<div class=\"elementor-gallery__container\">\n\t\t\t\t\t\t\t<div class=\"e-gallery-item elementor-gallery-item elementor-animated-content\">\n\t\t\t\t\t<div class=\"e-gallery-image elementor-gallery-item__image\" data-thumbnail=\"https:\/\/reservacultural.com.br\/niteroi\/wp-content\/uploads\/2025\/02\/whatsapp-image-2020-09-11-at-21424-pm-768x461.jpeg\" data-width=\"768\" data-height=\"461\" aria-label=\"Comida Francesa\" role=\"img\" ><\/div>\n\t\t\t\t\t\t\t\t\t\t\t\t\t\t<\/div>\n\t\t\t\t\t\t\t<div class=\"e-gallery-item elementor-gallery-item elementor-animated-content\">\n\t\t\t\t\t<div class=\"e-gallery-image elementor-gallery-item__image\" data-thumbnail=\"https:\/\/reservacultural.com.br\/niteroi\/wp-content\/uploads\/2025\/02\/whatsapp-image-2020-09-11-at-21425-pm-1-768x461.jpeg\" data-width=\"768\" data-height=\"461\" aria-label=\"Sal\u00e3o\" role=\"img\" ><\/div>\n\t\t\t\t\t\t\t\t\t\t\t\t\t\t<\/div>\n\t\t\t\t\t\t\t<div class=\"e-gallery-item elementor-gallery-item elementor-animated-content\">\n\t\t\t\t\t<div class=\"e-gallery-image elementor-gallery-item__image\" data-thumbnail=\"https:\/\/reservacultural.com.br\/niteroi\/wp-content\/uploads\/2025\/02\/whatsapp-image-2020-09-11-at-21425-pm-2-768x461.jpeg\" data-width=\"768\" data-height=\"461\" aria-label=\"Pizza\" role=\"img\" ><\/div>\n\t\t\t\t\t\t\t\t\t\t\t\t\t\t<\/div>\n\t\t\t\t\t\t\t<div class=\"e-gallery-item elementor-gallery-item elementor-animated-content\">\n\t\t\t\t\t<div class=\"e-gallery-image elementor-gallery-item__image\" data-thumbnail=\"https:\/\/reservacultural.com.br\/niteroi\/wp-content\/uploads\/2025\/02\/whatsapp-image-2020-09-11-at-21425-pm-768x461.jpeg\" data-width=\"768\" data-height=\"461\" aria-label=\"Decora\u00e7\u00e3o\" role=\"img\" ><\/div>\n\t\t\t\t\t\t\t\t\t\t\t\t\t\t<\/div>\n\t\t\t\t\t<\/div>\n\t\t\t\t\t<\/div>\n\t\t\t\t<\/div>\n\t\t\t\t<\/div>\n\t\t\t\t\t<\/div>\n\t\t\t\t<\/div>\n\t\t<div class=\"elementor-element elementor-element-b798560 e-flex e-con-boxed e-con e-parent\" data-id=\"b798560\" data-element_type=\"container\" data-e-type=\"container\" data-settings=\"{&quot;background_background&quot;:&quot;classic&quot;}\">\n\t\t\t\t\t<div class=\"e-con-inner\">\n\t\t<div class=\"elementor-element elementor-element-2a3e1eb e-con-full e-flex e-con e-child\" data-id=\"2a3e1eb\" data-element_type=\"container\" data-e-type=\"container\" data-settings=\"{&quot;background_background&quot;:&quot;classic&quot;}\">\n\t\t\t\t<\/div>\n\t\t\t\t\t<\/div>\n\t\t\t\t<\/div>\n\t\t\t\t<\/div>\n\t\t","protected":false},"excerpt":{"rendered":"<p>Mahatma Delicie-se com a melhor pizza de Niter\u00f3i Segunda a Domingo das 17h \u00e0s 23h Hor\u00e1rio de Funcionamento De segunda a domingo, das 17:00 \u00e0s 23:00 horas. Endere\u00e7o Av. Visconde do Rio Branco, 880 &#8211; CEP 24020-007 &#8211; Bairro S\u00e3o Domingos &#8211; Niter\u00f3i\/RJ Informa\u00e7\u00f5es Adicionais Formas de Pagamento: Aceitamos todos os cart\u00f5es de cr\u00e9dito. Venha [&hellip;]<\/p>\n","protected":false},"author":1,"featured_media":0,"parent":1076,"menu_order":0,"comment_status":"closed","ping_status":"closed","template":"","meta":{"_acf_changed":false,"footnotes":""},"class_list":["post-1028","page","type-page","status-publish","hentry"],"acf":[],"yoast_head":"<!-- This site is optimized with the Yoast SEO plugin v27.4 - https:\/\/yoast.com\/product\/yoast-seo-wordpress\/ -->\n<title>Mahatma - Cinema Reserva Cultural<\/title>\n<meta name=\"robots\" content=\"index, follow, max-snippet:-1, max-image-preview:large, max-video-preview:-1\" \/>\n<link rel=\"canonical\" href=\"https:\/\/reservacultural.com.br\/niteroi\/gastronomia\/mahatma\/\" \/>\n<meta property=\"og:locale\" content=\"pt_BR\" \/>\n<meta property=\"og:type\" content=\"article\" \/>\n<meta property=\"og:title\" content=\"Mahatma - Cinema Reserva Cultural\" \/>\n<meta property=\"og:description\" content=\"Mahatma Delicie-se com a melhor pizza de Niter\u00f3i Segunda a Domingo das 17h \u00e0s 23h Hor\u00e1rio de Funcionamento De segunda a domingo, das 17:00 \u00e0s 23:00 horas. Endere\u00e7o Av. Visconde do Rio Branco, 880 &#8211; CEP 24020-007 &#8211; Bairro S\u00e3o Domingos &#8211; Niter\u00f3i\/RJ Informa\u00e7\u00f5es Adicionais Formas de Pagamento: Aceitamos todos os cart\u00f5es de cr\u00e9dito. Venha [&hellip;]\" \/>\n<meta property=\"og:url\" content=\"https:\/\/reservacultural.com.br\/niteroi\/gastronomia\/mahatma\/\" \/>\n<meta property=\"og:site_name\" content=\"Cinema Reserva Cultural\" \/>\n<meta property=\"article:modified_time\" content=\"2025-04-17T17:28:56+00:00\" \/>\n<meta property=\"og:image\" content=\"https:\/\/reservacultural.com.br\/niteroi\/wp-content\/uploads\/2025\/02\/pizza-1024x574.png\" \/>\n<meta name=\"twitter:card\" content=\"summary_large_image\" \/>\n<meta name=\"twitter:label1\" content=\"Est. tempo de leitura\" \/>\n\t<meta name=\"twitter:data1\" content=\"1 minuto\" \/>\n<script type=\"application\/ld+json\" class=\"yoast-schema-graph\">{\"@context\":\"https:\\\/\\\/schema.org\",\"@graph\":[{\"@type\":\"WebPage\",\"@id\":\"https:\\\/\\\/reservacultural.com.br\\\/niteroi\\\/gastronomia\\\/mahatma\\\/\",\"url\":\"https:\\\/\\\/reservacultural.com.br\\\/niteroi\\\/gastronomia\\\/mahatma\\\/\",\"name\":\"Mahatma - Cinema Reserva Cultural\",\"isPartOf\":{\"@id\":\"https:\\\/\\\/reservacultural.com.br\\\/niteroi\\\/#website\"},\"primaryImageOfPage\":{\"@id\":\"https:\\\/\\\/reservacultural.com.br\\\/niteroi\\\/gastronomia\\\/mahatma\\\/#primaryimage\"},\"image\":{\"@id\":\"https:\\\/\\\/reservacultural.com.br\\\/niteroi\\\/gastronomia\\\/mahatma\\\/#primaryimage\"},\"thumbnailUrl\":\"https:\\\/\\\/reservacultural.com.br\\\/niteroi\\\/wp-content\\\/uploads\\\/2025\\\/02\\\/pizza-1024x574.png\",\"datePublished\":\"2024-09-17T13:27:42+00:00\",\"dateModified\":\"2025-04-17T17:28:56+00:00\",\"breadcrumb\":{\"@id\":\"https:\\\/\\\/reservacultural.com.br\\\/niteroi\\\/gastronomia\\\/mahatma\\\/#breadcrumb\"},\"inLanguage\":\"pt-BR\",\"potentialAction\":[{\"@type\":\"ReadAction\",\"target\":[\"https:\\\/\\\/reservacultural.com.br\\\/niteroi\\\/gastronomia\\\/mahatma\\\/\"]}]},{\"@type\":\"ImageObject\",\"inLanguage\":\"pt-BR\",\"@id\":\"https:\\\/\\\/reservacultural.com.br\\\/niteroi\\\/gastronomia\\\/mahatma\\\/#primaryimage\",\"url\":\"https:\\\/\\\/reservacultural.com.br\\\/niteroi\\\/wp-content\\\/uploads\\\/2025\\\/02\\\/pizza.png\",\"contentUrl\":\"https:\\\/\\\/reservacultural.com.br\\\/niteroi\\\/wp-content\\\/uploads\\\/2025\\\/02\\\/pizza.png\",\"width\":1890,\"height\":1060,\"caption\":\"Pizza\"},{\"@type\":\"BreadcrumbList\",\"@id\":\"https:\\\/\\\/reservacultural.com.br\\\/niteroi\\\/gastronomia\\\/mahatma\\\/#breadcrumb\",\"itemListElement\":[{\"@type\":\"ListItem\",\"position\":1,\"name\":\"In\u00edcio\",\"item\":\"https:\\\/\\\/reservacultural.com.br\\\/niteroi\\\/\"},{\"@type\":\"ListItem\",\"position\":2,\"name\":\"Gastronomia\",\"item\":\"https:\\\/\\\/reservacultural.com.br\\\/niteroi\\\/gastronomia\\\/\"},{\"@type\":\"ListItem\",\"position\":3,\"name\":\"Mahatma\"}]},{\"@type\":\"WebSite\",\"@id\":\"https:\\\/\\\/reservacultural.com.br\\\/niteroi\\\/#website\",\"url\":\"https:\\\/\\\/reservacultural.com.br\\\/niteroi\\\/\",\"name\":\"Cinema Reserva Cultural\",\"description\":\"Filmes, gastronomia e Eventos\",\"publisher\":{\"@id\":\"https:\\\/\\\/reservacultural.com.br\\\/niteroi\\\/#organization\"},\"potentialAction\":[{\"@type\":\"SearchAction\",\"target\":{\"@type\":\"EntryPoint\",\"urlTemplate\":\"https:\\\/\\\/reservacultural.com.br\\\/niteroi\\\/?s={search_term_string}\"},\"query-input\":{\"@type\":\"PropertyValueSpecification\",\"valueRequired\":true,\"valueName\":\"search_term_string\"}}],\"inLanguage\":\"pt-BR\"},{\"@type\":\"Organization\",\"@id\":\"https:\\\/\\\/reservacultural.com.br\\\/niteroi\\\/#organization\",\"name\":\"Cinema Reserva Cultural\",\"url\":\"https:\\\/\\\/reservacultural.com.br\\\/niteroi\\\/\",\"logo\":{\"@type\":\"ImageObject\",\"inLanguage\":\"pt-BR\",\"@id\":\"https:\\\/\\\/reservacultural.com.br\\\/niteroi\\\/#\\\/schema\\\/logo\\\/image\\\/\",\"url\":\"https:\\\/\\\/reservacultural.com.br\\\/niteroi_\\\/wp-content\\\/uploads\\\/2024\\\/07\\\/Captura-de-Tela-2024-04-18-as-14.07-1.jpg\",\"contentUrl\":\"https:\\\/\\\/reservacultural.com.br\\\/niteroi_\\\/wp-content\\\/uploads\\\/2024\\\/07\\\/Captura-de-Tela-2024-04-18-as-14.07-1.jpg\",\"width\":274,\"height\":96,\"caption\":\"Cinema Reserva Cultural\"},\"image\":{\"@id\":\"https:\\\/\\\/reservacultural.com.br\\\/niteroi\\\/#\\\/schema\\\/logo\\\/image\\\/\"}}]}<\/script>\n<!-- \/ Yoast SEO plugin. -->","yoast_head_json":{"title":"Mahatma - Cinema Reserva Cultural","robots":{"index":"index","follow":"follow","max-snippet":"max-snippet:-1","max-image-preview":"max-image-preview:large","max-video-preview":"max-video-preview:-1"},"canonical":"https:\/\/reservacultural.com.br\/niteroi\/gastronomia\/mahatma\/","og_locale":"pt_BR","og_type":"article","og_title":"Mahatma - Cinema Reserva Cultural","og_description":"Mahatma Delicie-se com a melhor pizza de Niter\u00f3i Segunda a Domingo das 17h \u00e0s 23h Hor\u00e1rio de Funcionamento De segunda a domingo, das 17:00 \u00e0s 23:00 horas. Endere\u00e7o Av. Visconde do Rio Branco, 880 &#8211; CEP 24020-007 &#8211; Bairro S\u00e3o Domingos &#8211; Niter\u00f3i\/RJ Informa\u00e7\u00f5es Adicionais Formas de Pagamento: Aceitamos todos os cart\u00f5es de cr\u00e9dito. Venha [&hellip;]","og_url":"https:\/\/reservacultural.com.br\/niteroi\/gastronomia\/mahatma\/","og_site_name":"Cinema Reserva Cultural","article_modified_time":"2025-04-17T17:28:56+00:00","og_image":[{"url":"https:\/\/reservacultural.com.br\/niteroi\/wp-content\/uploads\/2025\/02\/pizza-1024x574.png","type":"","width":"","height":""}],"twitter_card":"summary_large_image","twitter_misc":{"Est. tempo de leitura":"1 minuto"},"schema":{"@context":"https:\/\/schema.org","@graph":[{"@type":"WebPage","@id":"https:\/\/reservacultural.com.br\/niteroi\/gastronomia\/mahatma\/","url":"https:\/\/reservacultural.com.br\/niteroi\/gastronomia\/mahatma\/","name":"Mahatma - Cinema Reserva Cultural","isPartOf":{"@id":"https:\/\/reservacultural.com.br\/niteroi\/#website"},"primaryImageOfPage":{"@id":"https:\/\/reservacultural.com.br\/niteroi\/gastronomia\/mahatma\/#primaryimage"},"image":{"@id":"https:\/\/reservacultural.com.br\/niteroi\/gastronomia\/mahatma\/#primaryimage"},"thumbnailUrl":"https:\/\/reservacultural.com.br\/niteroi\/wp-content\/uploads\/2025\/02\/pizza-1024x574.png","datePublished":"2024-09-17T13:27:42+00:00","dateModified":"2025-04-17T17:28:56+00:00","breadcrumb":{"@id":"https:\/\/reservacultural.com.br\/niteroi\/gastronomia\/mahatma\/#breadcrumb"},"inLanguage":"pt-BR","potentialAction":[{"@type":"ReadAction","target":["https:\/\/reservacultural.com.br\/niteroi\/gastronomia\/mahatma\/"]}]},{"@type":"ImageObject","inLanguage":"pt-BR","@id":"https:\/\/reservacultural.com.br\/niteroi\/gastronomia\/mahatma\/#primaryimage","url":"https:\/\/reservacultural.com.br\/niteroi\/wp-content\/uploads\/2025\/02\/pizza.png","contentUrl":"https:\/\/reservacultural.com.br\/niteroi\/wp-content\/uploads\/2025\/02\/pizza.png","width":1890,"height":1060,"caption":"Pizza"},{"@type":"BreadcrumbList","@id":"https:\/\/reservacultural.com.br\/niteroi\/gastronomia\/mahatma\/#breadcrumb","itemListElement":[{"@type":"ListItem","position":1,"name":"In\u00edcio","item":"https:\/\/reservacultural.com.br\/niteroi\/"},{"@type":"ListItem","position":2,"name":"Gastronomia","item":"https:\/\/reservacultural.com.br\/niteroi\/gastronomia\/"},{"@type":"ListItem","position":3,"name":"Mahatma"}]},{"@type":"WebSite","@id":"https:\/\/reservacultural.com.br\/niteroi\/#website","url":"https:\/\/reservacultural.com.br\/niteroi\/","name":"Cinema Reserva Cultural","description":"Filmes, gastronomia e Eventos","publisher":{"@id":"https:\/\/reservacultural.com.br\/niteroi\/#organization"},"potentialAction":[{"@type":"SearchAction","target":{"@type":"EntryPoint","urlTemplate":"https:\/\/reservacultural.com.br\/niteroi\/?s={search_term_string}"},"query-input":{"@type":"PropertyValueSpecification","valueRequired":true,"valueName":"search_term_string"}}],"inLanguage":"pt-BR"},{"@type":"Organization","@id":"https:\/\/reservacultural.com.br\/niteroi\/#organization","name":"Cinema Reserva Cultural","url":"https:\/\/reservacultural.com.br\/niteroi\/","logo":{"@type":"ImageObject","inLanguage":"pt-BR","@id":"https:\/\/reservacultural.com.br\/niteroi\/#\/schema\/logo\/image\/","url":"https:\/\/reservacultural.com.br\/niteroi_\/wp-content\/uploads\/2024\/07\/Captura-de-Tela-2024-04-18-as-14.07-1.jpg","contentUrl":"https:\/\/reservacultural.com.br\/niteroi_\/wp-content\/uploads\/2024\/07\/Captura-de-Tela-2024-04-18-as-14.07-1.jpg","width":274,"height":96,"caption":"Cinema Reserva Cultural"},"image":{"@id":"https:\/\/reservacultural.com.br\/niteroi\/#\/schema\/logo\/image\/"}}]}},"_links":{"self":[{"href":"https:\/\/reservacultural.com.br\/niteroi\/wp-json\/wp\/v2\/pages\/1028","targetHints":{"allow":["GET"]}}],"collection":[{"href":"https:\/\/reservacultural.com.br\/niteroi\/wp-json\/wp\/v2\/pages"}],"about":[{"href":"https:\/\/reservacultural.com.br\/niteroi\/wp-json\/wp\/v2\/types\/page"}],"author":[{"embeddable":true,"href":"https:\/\/reservacultural.com.br\/niteroi\/wp-json\/wp\/v2\/users\/1"}],"replies":[{"embeddable":true,"href":"https:\/\/reservacultural.com.br\/niteroi\/wp-json\/wp\/v2\/comments?post=1028"}],"version-history":[{"count":0,"href":"https:\/\/reservacultural.com.br\/niteroi\/wp-json\/wp\/v2\/pages\/1028\/revisions"}],"up":[{"embeddable":true,"href":"https:\/\/reservacultural.com.br\/niteroi\/wp-json\/wp\/v2\/pages\/1076"}],"wp:attachment":[{"href":"https:\/\/reservacultural.com.br\/niteroi\/wp-json\/wp\/v2\/media?parent=1028"}],"curies":[{"name":"wp","href":"https:\/\/api.w.org\/{rel}","templated":true}]}}